{"id":7302,"date":"2024-05-13T13:34:27","date_gmt":"2024-05-13T13:34:27","guid":{"rendered":"https:\/\/www.zerashimshon.co.il\/?post_type=product&#038;p=7302"},"modified":"2024-05-13T13:44:52","modified_gmt":"2024-05-13T13:44:52","slug":"sefer-zera-shimshon-bamidbar-haas-family-edition-hardcover","status":"publish","type":"product","link":"https:\/\/www.zerashimshon.co.il\/es\/producto\/sefer-zera-shimshon-bamidbar-haas-family-edition-hardcover\/","title":{"rendered":"Sefer Zera Shimshon \u2013 Bamidbar \u2013 Edici\u00f3n Familiar Haas (Tapa dura)"},"content":{"rendered":"<h5 id=\"subTitle\">El comentario cl\u00e1sico de la Tor\u00e1 del rabino cabalista del siglo XVIII Shimshon Chaim Nachmani<\/h5>\n<p>Sefer Bambidbar, un nuevo libro disponible en tiendas. Para m\u00e1s informaci\u00f3n, llame al 347-496-5657 o, en Israel, al 05271-66450, zerashimshon.co.il.<\/p>\n<p>El sefer cuya segulah cautiv\u00f3 a Klal Israel:<\/p>\n<p>El Comentario de Zera Shimshon sobre el Jumash, traducido y explicado<\/p>\n<p>El Zera Shimshon en Chumash incluye:<\/p>\n<p>El texto completo del comentario de Zera Shimshon sobre el Jumash, completamente vocalizado (menukad)<br \/>\nUna traducci\u00f3n explicada dise\u00f1ada para ayudar al lector a seguir las ideas a menudo complejas de Zera Shimshon.<br \/>\nUna introducci\u00f3n a cada derush, con explicaciones para mejorar nuestra comprensi\u00f3n del comentario de Zera Shimshon.<br \/>\nNotas explicativas que ofrecen material de fondo m\u00e1s importante.<\/p>\n<p>Rav Shimshon Jaim Najmani, renombrado rav y talmid jajam italiano del siglo XVIII, es el autor del comentario de Zera Shimshon. En su famosa introducci\u00f3n, habla de la p\u00e9rdida de su \u00fanico hijo y promete grandes bendiciones a quienes aprendan su comentario. Personas de todo el mundo han atestiguado el poder de la &quot;segul\u00e1&quot; de Zera Shimshon.<\/p>\n<p>\u201c\u2026quien aprende el comentario, se sentar\u00e1 a la mesa rodeado de sus hijos y familia; hermosas bendiciones, todas entregadas de todo coraz\u00f3n a quien estudia esta obra. Una casa llena de todo lo bueno\u2026 Las bendiciones comenzar\u00e1n en este mundo y continuar\u00e1n en el venidero\u2026\u201d de la Introducci\u00f3n del autor a Zera Shimshon<\/p>","protected":false},"excerpt":{"rendered":"<p>The Classic Torah Commentary of the 18th Century Kabbalist Rabbi Shimshon Chaim Nachmani Sefer Bambidbar, a new book can be obtained in stores. For details 347-496-5657 or in Israel 05271-66450 zerashimshon.co.il The sefer whose segulah captivated Klal Yisrael: The Zera Shimshon\u2019s Commentary on Chumash, translated and elucidated The Zera Shimshon on Chumash includes: The full &#8230; <a title=\"Sefer Zera Shimshon \u2013 Bamidbar \u2013 Edici\u00f3n Familiar Haas (Tapa dura)\" class=\"read-more\" href=\"https:\/\/www.zerashimshon.co.il\/es\/producto\/sefer-zera-shimshon-bamidbar-haas-family-edition-hardcover\/\" aria-label=\"Leer m\u00e1s sobre Sefer Zera Shimshon &#8211; Bamidbar &#8211; Haas Family Edition (Hardcover)\">Leer m\u00e1s<\/a><\/p>","protected":false},"featured_media":7303,"comment_status":"open","ping_status":"closed","template":"","meta":[],"product_brand":[],"product_cat":[19],"product_tag":[591,592,590,569],"class_list":{"0":"post-7302","1":"product","2":"type-product","3":"status-publish","4":"has-post-thumbnail","6":"product_cat-uncategorized","7":"product_tag-sefer-bambidbar","8":"product_tag-the-sefer","9":"product_tag-translated-elucidated","10":"product_tag-zera-shimshon","12":"first","13":"instock","14":"sale","15":"shipping-taxable","16":"purchasable","17":"product-type-simple"},"_links":{"self":[{"href":"https:\/\/www.zerashimshon.co.il\/es\/wp-json\/wp\/v2\/product\/7302","targetHints":{"allow":["GET"]}}],"collection":[{"href":"https:\/\/www.zerashimshon.co.il\/es\/wp-json\/wp\/v2\/product"}],"about":[{"href":"https:\/\/www.zerashimshon.co.il\/es\/wp-json\/wp\/v2\/types\/product"}],"replies":[{"embeddable":true,"href":"https:\/\/www.zerashimshon.co.il\/es\/wp-json\/wp\/v2\/comments?post=7302"}],"version-history":[{"count":1,"href":"https:\/\/www.zerashimshon.co.il\/es\/wp-json\/wp\/v2\/product\/7302\/revisions"}],"predecessor-version":[{"id":7304,"href":"https:\/\/www.zerashimshon.co.il\/es\/wp-json\/wp\/v2\/product\/7302\/revisions\/7304"}],"wp:featuredmedia":[{"embeddable":true,"href":"https:\/\/www.zerashimshon.co.il\/es\/wp-json\/wp\/v2\/media\/7303"}],"wp:attachment":[{"href":"https:\/\/www.zerashimshon.co.il\/es\/wp-json\/wp\/v2\/media?parent=7302"}],"wp:term":[{"taxonomy":"product_brand","embeddable":true,"href":"https:\/\/www.zerashimshon.co.il\/es\/wp-json\/wp\/v2\/product_brand?post=7302"},{"taxonomy":"product_cat","embeddable":true,"href":"https:\/\/www.zerashimshon.co.il\/es\/wp-json\/wp\/v2\/product_cat?post=7302"},{"taxonomy":"product_tag","embeddable":true,"href":"https:\/\/www.zerashimshon.co.il\/es\/wp-json\/wp\/v2\/product_tag?post=7302"}],"curies":[{"name":"wp","href":"https:\/\/api.w.org\/{rel}","templated":true}]}}