{"id":7765,"date":"2024-06-30T09:16:09","date_gmt":"2024-06-30T09:16:09","guid":{"rendered":"https:\/\/www.zerashimshon.co.il\/?post_type=product&#038;p=7765"},"modified":"2024-08-06T09:20:00","modified_gmt":"2024-08-06T09:20:00","slug":"zera-shimshon-on-tehillim-the-sefer-the-stories-the-segulah","status":"publish","type":"product","link":"https:\/\/www.zerashimshon.co.il\/es\/producto\/zera-shimshon-on-tehillim-the-sefer-the-stories-the-segulah\/","title":{"rendered":"Zera Shimshon sobre el Tehilim: El S\u00e9fer. Las Historias. La Segul\u00e1."},"content":{"rendered":"<div class=\"elementor-element elementor-element-1455233 elementor-widget__width-auto elementor-widget elementor-widget-heading\" data-id=\"1455233\" data-element_type=\"widget\" data-widget_type=\"heading.default\">\n<div class=\"elementor-widget-container\">\n<p class=\"elementor-heading-title elementor-size-default\"><a href=\"https:\/\/artscrollisrael.co.il\/en\/authors\/rabbi-nachman-seltzer-en\/\">Nombre del autor:\u00a0<\/a><a style=\"font-size: 16px; background-color: #ffffff;\" href=\"https:\/\/artscrollisrael.co.il\/en\/authors\/rabbi-nachman-seltzer-en\/\">Rabino Nachman Seltzer<\/a><\/p>\n<p>Decenas de miles de lectores han enriquecido sus vidas con la serie Zera Shimshon del rabino Nachman Seltzer. El fen\u00f3meno Zera Shimshon contin\u00faa con este extraordinario nuevo volumen, Zera Shimshon sobre Tehilim.<\/p>\n<p>El S\u00e9fer Tehilim se divide tradicionalmente en 30 d\u00edas. En esta extraordinaria obra, el rabino Seltzer selecciona cap\u00edtulos de cada d\u00eda y comparte breves reflexiones sobre el Zera Shimshon, Rav Shimshon Jaim Najman\u00ed, para cada d\u00eda del mes, adem\u00e1s de historias que nos inspiran y nos ayudan a comprenderlo mejor.<\/p>\n<p>\u2022 La segul\u00e1: En su Introducci\u00f3n, Rav Shimshon Jaim promete grandes bendiciones a quienes aprenden su trabajo, \u00a1y cada vez m\u00e1s hemos visto que esa promesa se hace realidad!<\/p>\n<\/div>\n<\/div>","protected":false},"excerpt":{"rendered":"<p>Author name:\u00a0Rabbi Nachman Seltzer Tens of thousands of readers have enriched their lives with Rabbi Nachman Seltzer\u2019s Zera Shimshon series. The Zera Shimshon phenomenon continues with this extraordinary new volume, The Zera Shimshon on Tehillim. Sefer Tehillim has traditionally been divided into 30 days. In this extraordinary work, Rabbi Seltzer chooses selected chapters from each &#8230; <a title=\"Zera Shimshon sobre el Tehilim: El S\u00e9fer. Las Historias. La Segul\u00e1.\" class=\"read-more\" href=\"https:\/\/www.zerashimshon.co.il\/es\/producto\/zera-shimshon-on-tehillim-the-sefer-the-stories-the-segulah\/\" aria-label=\"Leer m\u00e1s sobre Zera Shimshon on Tehillim: The Sefer. The Stories. The Segulah\">Leer m\u00e1s<\/a><\/p>","protected":false},"featured_media":7766,"comment_status":"open","ping_status":"closed","template":"","meta":[],"product_brand":[],"product_cat":[19],"product_tag":[588,597,571,596,592,572],"class_list":{"0":"post-7765","1":"product","2":"type-product","3":"status-publish","4":"has-post-thumbnail","6":"product_cat-uncategorized","7":"product_tag-format-hardcover","8":"product_tag-psalms","9":"product_tag-rabbi-nachman-seltzer","10":"product_tag-tehilim","11":"product_tag-the-sefer","12":"product_tag-the-segulah","14":"first","15":"instock","16":"sale","17":"shipping-taxable","18":"purchasable","19":"product-type-simple"},"_links":{"self":[{"href":"https:\/\/www.zerashimshon.co.il\/es\/wp-json\/wp\/v2\/product\/7765","targetHints":{"allow":["GET"]}}],"collection":[{"href":"https:\/\/www.zerashimshon.co.il\/es\/wp-json\/wp\/v2\/product"}],"about":[{"href":"https:\/\/www.zerashimshon.co.il\/es\/wp-json\/wp\/v2\/types\/product"}],"replies":[{"embeddable":true,"href":"https:\/\/www.zerashimshon.co.il\/es\/wp-json\/wp\/v2\/comments?post=7765"}],"version-history":[{"count":1,"href":"https:\/\/www.zerashimshon.co.il\/es\/wp-json\/wp\/v2\/product\/7765\/revisions"}],"predecessor-version":[{"id":7767,"href":"https:\/\/www.zerashimshon.co.il\/es\/wp-json\/wp\/v2\/product\/7765\/revisions\/7767"}],"wp:featuredmedia":[{"embeddable":true,"href":"https:\/\/www.zerashimshon.co.il\/es\/wp-json\/wp\/v2\/media\/7766"}],"wp:attachment":[{"href":"https:\/\/www.zerashimshon.co.il\/es\/wp-json\/wp\/v2\/media?parent=7765"}],"wp:term":[{"taxonomy":"product_brand","embeddable":true,"href":"https:\/\/www.zerashimshon.co.il\/es\/wp-json\/wp\/v2\/product_brand?post=7765"},{"taxonomy":"product_cat","embeddable":true,"href":"https:\/\/www.zerashimshon.co.il\/es\/wp-json\/wp\/v2\/product_cat?post=7765"},{"taxonomy":"product_tag","embeddable":true,"href":"https:\/\/www.zerashimshon.co.il\/es\/wp-json\/wp\/v2\/product_tag?post=7765"}],"curies":[{"name":"wp","href":"https:\/\/api.w.org\/{rel}","templated":true}]}}