{"id":5207,"date":"2024-01-03T12:49:02","date_gmt":"2024-01-03T12:49:02","guid":{"rendered":"https:\/\/www.zerashimshon.co.il\/?post_type=product&#038;p=5207"},"modified":"2024-01-03T12:52:26","modified_gmt":"2024-01-03T12:52:26","slug":"sefer-zera-shimshon-shemos-volume-1-shemos-bo-haas-family-edition","status":"publish","type":"product","link":"https:\/\/www.zerashimshon.co.il\/fr\/produit\/sefer-zera-shimshon-shemos-volume-1-shemos-bo-haas-family-edition\/","title":{"rendered":"Sefer Zera Shimshon \u2013 Shemos Volume 1 : Shemos \u2013 Bo \u2013 Haas Family Edition"},"content":{"rendered":"<p>Le sefer dont la segulah a captiv\u00e9 Klal Isra\u00ebl :<\/p>\n<p>Le commentaire de Zera Shimshon sur Chumash, traduit et \u00e9lucid\u00e9<\/p>\n<p><b>Le Zera Shimshon sur Chumash comprend :<\/b><\/p>\n<ul>\n<li>Le texte int\u00e9gral du commentaire de Zera Shimshon sur Chumash, enti\u00e8rement voyellis\u00e9 (menukad)<\/li>\n<li>Une traduction \u00e9claircie con\u00e7ue pour aider le lecteur \u00e0 suivre les id\u00e9es souvent complexes de Zera Shimshon.<\/li>\n<li>Une introduction \u00e0 chaque derush, avec des explications pour am\u00e9liorer notre compr\u00e9hension du commentaire de Zera Shimshon.<\/li>\n<li>Notes explicatives qui offrent des informations de base plus importantes.<\/li>\n<\/ul>\n<p>Rav Shimshon Chaim Nahmani, c\u00e9l\u00e8bre rav et talmid &#039;hakham italien du XVIIIe si\u00e8cle, est l&#039;auteur du commentaire Zera Shimshon. Dans sa c\u00e9l\u00e8bre introduction, il \u00e9voque la perte de son fils unique et promet de grandes b\u00e9n\u00e9dictions \u00e0 ceux qui apprendront son commentaire. Partout dans le monde, des personnes ont t\u00e9moign\u00e9 de la puissance de la \u00ab segulah \u00bb du Zera Shimshon.<\/p>\n<p>\u00ab \u2026celui qui apprend le commentaire sera assis \u00e0 sa table, entour\u00e9 de ses enfants et de sa famille\u00a0; de belles b\u00e9n\u00e9dictions, toutes offertes de tout c\u0153ur \u00e0 celui qui \u00e9tudie cet ouvrage. Une maison remplie de toutes les bonnes choses\u2026 Les b\u00e9n\u00e9dictions commenceront dans ce monde et se poursuivront dans le monde \u00e0 venir\u2026 \u00bb Extrait de l&#039;introduction de l&#039;auteur \u00e0 Zera Shimshon<\/p>\n<p>&nbsp;<\/p>","protected":false},"excerpt":{"rendered":"<p>What is the Zera Shimshon Phenomenon All About? Inside Artscroll with Rabbi Binyomin Paskesz.<\/p>","protected":false},"featured_media":5208,"comment_status":"open","ping_status":"closed","template":"","meta":[],"product_brand":[],"product_cat":[19],"product_tag":[],"class_list":{"0":"post-5207","1":"product","2":"type-product","3":"status-publish","4":"has-post-thumbnail","6":"product_cat-uncategorized","8":"first","9":"instock","10":"sale","11":"shipping-taxable","12":"purchasable","13":"product-type-simple"},"_links":{"self":[{"href":"https:\/\/www.zerashimshon.co.il\/fr\/wp-json\/wp\/v2\/product\/5207","targetHints":{"allow":["GET"]}}],"collection":[{"href":"https:\/\/www.zerashimshon.co.il\/fr\/wp-json\/wp\/v2\/product"}],"about":[{"href":"https:\/\/www.zerashimshon.co.il\/fr\/wp-json\/wp\/v2\/types\/product"}],"replies":[{"embeddable":true,"href":"https:\/\/www.zerashimshon.co.il\/fr\/wp-json\/wp\/v2\/comments?post=5207"}],"version-history":[{"count":0,"href":"https:\/\/www.zerashimshon.co.il\/fr\/wp-json\/wp\/v2\/product\/5207\/revisions"}],"wp:featuredmedia":[{"embeddable":true,"href":"https:\/\/www.zerashimshon.co.il\/fr\/wp-json\/wp\/v2\/media\/5208"}],"wp:attachment":[{"href":"https:\/\/www.zerashimshon.co.il\/fr\/wp-json\/wp\/v2\/media?parent=5207"}],"wp:term":[{"taxonomy":"product_brand","embeddable":true,"href":"https:\/\/www.zerashimshon.co.il\/fr\/wp-json\/wp\/v2\/product_brand?post=5207"},{"taxonomy":"product_cat","embeddable":true,"href":"https:\/\/www.zerashimshon.co.il\/fr\/wp-json\/wp\/v2\/product_cat?post=5207"},{"taxonomy":"product_tag","embeddable":true,"href":"https:\/\/www.zerashimshon.co.il\/fr\/wp-json\/wp\/v2\/product_tag?post=5207"}],"curies":[{"name":"wp","href":"https:\/\/api.w.org\/{rel}","templated":true}]}}