{"id":5209,"date":"2024-01-03T12:56:05","date_gmt":"2024-01-03T12:56:05","guid":{"rendered":"https:\/\/www.zerashimshon.co.il\/?post_type=product&#038;p=5209"},"modified":"2024-01-03T12:57:30","modified_gmt":"2024-01-03T12:57:30","slug":"sefer-zera-shimshon-shemos-volume-2-beshalach-yisro-pesach-haggadah-haas-family-edition-hardcover","status":"publish","type":"product","link":"https:\/\/www.zerashimshon.co.il\/fr\/produit\/sefer-zera-shimshon-shemos-volume-2-beshalach-yisro-pesach-haggadah-haas-family-edition-hardcover\/","title":{"rendered":"Sefer Zera Shimshon \u2013 Shemos Volume 2 : Beshalach-Yisro \/ Pessa&#039;h Haggadah \u2013 Haas Family Edition (Reli\u00e9)"},"content":{"rendered":"<h5 id=\"subTitle\">Le commentaire classique de la Torah du kabbaliste du XVIIIe si\u00e8cle, le rabbin Shimshon Chaim Nachmani<\/h5>\n<p>Le sefer dont la segulah a captiv\u00e9 Klal Yisrael : le commentaire de Zera Shimshon sur le Chumash, traduit et \u00e9lucid\u00e9\u00a0<b>Le Zera Shimshon sur Chumash comprend :<\/b><\/p>\n<ul>\n<li>Le texte int\u00e9gral du commentaire de Zera Shimshon sur Chumash, enti\u00e8rement voyellis\u00e9 (menukad)<\/li>\n<li>Une traduction \u00e9claircie con\u00e7ue pour aider le lecteur \u00e0 suivre les id\u00e9es souvent complexes de Zera Shimshon.<\/li>\n<li>Une introduction \u00e0 chaque derush, avec des explications pour am\u00e9liorer notre compr\u00e9hension du commentaire de Zera Shimshon.<\/li>\n<li>Notes explicatives qui offrent des informations de base plus importantes.<\/li>\n<\/ul>\n<p>&nbsp;<\/p>","protected":false},"excerpt":{"rendered":"<p>The Classic Torah Commentary of the 18th Century Kabbalist Rabbi Shimshon Chaim Nachmani The sefer whose segulah captivated Klal Yisrael: The Zera Shimshon\u2019s Commentary on Chumash, translated and elucidated\u00a0The Zera Shimshon on Chumash includes: The full text of the Zera Shimshon\u2019s commentary on Chumash, fully vowelized (menukad) An elucidated translation designed to help the reader &#8230; <a title=\"Sefer Zera Shimshon &#8211; Shemos Volume 2: Beshalach-Yisro \/ Pesach Haggadah &#8211; Haas Family Edition (Hardcover)\" class=\"read-more\" href=\"https:\/\/www.zerashimshon.co.il\/fr\/produit\/sefer-zera-shimshon-shemos-volume-2-beshalach-yisro-pesach-haggadah-haas-family-edition-hardcover\/\" aria-label=\"En savoir plus sur Sefer Zera Shimshon &#8211; Shemos Volume 2: Beshalach-Yisro \/ Pesach Haggadah &#8211; Haas Family Edition (Hardcover)\">Lire la suite<\/a><\/p>","protected":false},"featured_media":5211,"comment_status":"open","ping_status":"closed","template":"","meta":[],"product_brand":[],"product_cat":[19],"product_tag":[576,574,578,573,575,577,569],"class_list":{"0":"post-5209","1":"product","2":"type-product","3":"status-publish","4":"has-post-thumbnail","6":"product_cat-uncategorized","7":"product_tag-beshalach","8":"product_tag-pesach","9":"product_tag-shavuot","10":"product_tag-shemot","11":"product_tag-yam-suf","12":"product_tag-yisro","13":"product_tag-zera-shimshon","15":"first","16":"instock","17":"sale","18":"shipping-taxable","19":"purchasable","20":"product-type-simple"},"_links":{"self":[{"href":"https:\/\/www.zerashimshon.co.il\/fr\/wp-json\/wp\/v2\/product\/5209","targetHints":{"allow":["GET"]}}],"collection":[{"href":"https:\/\/www.zerashimshon.co.il\/fr\/wp-json\/wp\/v2\/product"}],"about":[{"href":"https:\/\/www.zerashimshon.co.il\/fr\/wp-json\/wp\/v2\/types\/product"}],"replies":[{"embeddable":true,"href":"https:\/\/www.zerashimshon.co.il\/fr\/wp-json\/wp\/v2\/comments?post=5209"}],"version-history":[{"count":0,"href":"https:\/\/www.zerashimshon.co.il\/fr\/wp-json\/wp\/v2\/product\/5209\/revisions"}],"wp:featuredmedia":[{"embeddable":true,"href":"https:\/\/www.zerashimshon.co.il\/fr\/wp-json\/wp\/v2\/media\/5211"}],"wp:attachment":[{"href":"https:\/\/www.zerashimshon.co.il\/fr\/wp-json\/wp\/v2\/media?parent=5209"}],"wp:term":[{"taxonomy":"product_brand","embeddable":true,"href":"https:\/\/www.zerashimshon.co.il\/fr\/wp-json\/wp\/v2\/product_brand?post=5209"},{"taxonomy":"product_cat","embeddable":true,"href":"https:\/\/www.zerashimshon.co.il\/fr\/wp-json\/wp\/v2\/product_cat?post=5209"},{"taxonomy":"product_tag","embeddable":true,"href":"https:\/\/www.zerashimshon.co.il\/fr\/wp-json\/wp\/v2\/product_tag?post=5209"}],"curies":[{"name":"wp","href":"https:\/\/api.w.org\/{rel}","templated":true}]}}