{"id":5215,"date":"2024-01-03T17:09:07","date_gmt":"2024-01-03T17:09:07","guid":{"rendered":"https:\/\/www.zerashimshon.co.il\/?post_type=product&#038;p=5215"},"modified":"2024-01-03T17:09:07","modified_gmt":"2024-01-03T17:09:07","slug":"zera-shimshon-on-megillas-esther","status":"publish","type":"product","link":"https:\/\/www.zerashimshon.co.il\/fr\/produit\/zera-shimshon-on-megillas-esther\/","title":{"rendered":"Zera Shimshon sur Megillat Esther"},"content":{"rendered":"<h4 id=\"ctl00_mPageContent_description_header\"><span style=\"font-size: 16px;\">Amener l\u2019\u00e9tude de Zera Shimshon \u00e0 un tout autre niveau !<\/span><\/h4>\n<div>\n<p>Thousands have discovered the beautiful and original Torah thoughts &#8211; and the remarkable\u00a0segulah\u00a0&#8211; of the Zera Shimshon. Now, ArtScroll proudly presents\u00a0The Zera Shimshon on Megillas Esther,\u00a0the first in a multi-volume series on the commentary that has captivated the Torah world.<\/p>\n<p>The Zera Shimshon on Megillas Esther\u00a0includes:<\/p>\n<ul>\n<li>Le texte int\u00e9gral du commentaire de Zera Shimshon sur Megillat Esther, avec une traduction \u00e9claircie con\u00e7ue pour aider le lecteur \u00e0 suivre les id\u00e9es souvent complexes de Zera Shimshon.<\/li>\n<li>Une introduction \u00e0 chaque derush, avec des explications pour am\u00e9liorer notre compr\u00e9hension du commentaire de Zera Shimshon.<\/li>\n<li>Notes explicatives qui offrent des informations de base plus importantes.<\/li>\n<\/ul>\n<\/div>","protected":false},"excerpt":{"rendered":"<p>Bringing the Study of Zera Shimshon to a Whole New Level! Thousands have discovered the beautiful and original Torah thoughts &#8211; and the remarkable\u00a0segulah\u00a0&#8211; of the Zera Shimshon. Now, ArtScroll proudly presents\u00a0The Zera Shimshon on Megillas Esther,\u00a0the first in a multi-volume series on the commentary that has captivated the Torah world. The Zera Shimshon on &#8230; <a title=\"Zera Shimshon sur Megillat Esther\" class=\"read-more\" href=\"https:\/\/www.zerashimshon.co.il\/fr\/produit\/zera-shimshon-on-megillas-esther\/\" aria-label=\"En savoir plus sur Zera Shimshon on Megillas Esther\">Lire la suite<\/a><\/p>","protected":false},"featured_media":5216,"comment_status":"open","ping_status":"closed","template":"","meta":[],"product_brand":[],"product_cat":[19],"product_tag":[],"class_list":{"0":"post-5215","1":"product","2":"type-product","3":"status-publish","4":"has-post-thumbnail","6":"product_cat-uncategorized","8":"first","9":"instock","10":"sale","11":"shipping-taxable","12":"purchasable","13":"product-type-simple"},"_links":{"self":[{"href":"https:\/\/www.zerashimshon.co.il\/fr\/wp-json\/wp\/v2\/product\/5215","targetHints":{"allow":["GET"]}}],"collection":[{"href":"https:\/\/www.zerashimshon.co.il\/fr\/wp-json\/wp\/v2\/product"}],"about":[{"href":"https:\/\/www.zerashimshon.co.il\/fr\/wp-json\/wp\/v2\/types\/product"}],"replies":[{"embeddable":true,"href":"https:\/\/www.zerashimshon.co.il\/fr\/wp-json\/wp\/v2\/comments?post=5215"}],"version-history":[{"count":0,"href":"https:\/\/www.zerashimshon.co.il\/fr\/wp-json\/wp\/v2\/product\/5215\/revisions"}],"wp:featuredmedia":[{"embeddable":true,"href":"https:\/\/www.zerashimshon.co.il\/fr\/wp-json\/wp\/v2\/media\/5216"}],"wp:attachment":[{"href":"https:\/\/www.zerashimshon.co.il\/fr\/wp-json\/wp\/v2\/media?parent=5215"}],"wp:term":[{"taxonomy":"product_brand","embeddable":true,"href":"https:\/\/www.zerashimshon.co.il\/fr\/wp-json\/wp\/v2\/product_brand?post=5215"},{"taxonomy":"product_cat","embeddable":true,"href":"https:\/\/www.zerashimshon.co.il\/fr\/wp-json\/wp\/v2\/product_cat?post=5215"},{"taxonomy":"product_tag","embeddable":true,"href":"https:\/\/www.zerashimshon.co.il\/fr\/wp-json\/wp\/v2\/product_tag?post=5215"}],"curies":[{"name":"wp","href":"https:\/\/api.w.org\/{rel}","templated":true}]}}