{"id":7302,"date":"2024-05-13T13:34:27","date_gmt":"2024-05-13T13:34:27","guid":{"rendered":"https:\/\/www.zerashimshon.co.il\/?post_type=product&#038;p=7302"},"modified":"2024-05-13T13:44:52","modified_gmt":"2024-05-13T13:44:52","slug":"sefer-zera-shimshon-bamidbar-haas-family-edition-hardcover","status":"publish","type":"product","link":"https:\/\/www.zerashimshon.co.il\/fr\/produit\/sefer-zera-shimshon-bamidbar-haas-family-edition-hardcover\/","title":{"rendered":"Sefer Zera Shimshon \u2013 Bamidbar \u2013 \u00c9dition familiale Haas (Couverture rigide)"},"content":{"rendered":"<h5 id=\"subTitle\">Le commentaire classique de la Torah du kabbaliste du XVIIIe si\u00e8cle, le rabbin Shimshon Chaim Nachmani<\/h5>\n<p>Sefer Bambidbar, un nouveau livre, est disponible en librairie. Pour plus d&#039;informations, appelez le 347-496-5657 ou, en Isra\u00ebl, le 05271-66450\u00a0: zerashimshon.co.il.<\/p>\n<p>Le sefer dont la segulah a captiv\u00e9 Klal Isra\u00ebl :<\/p>\n<p>Le commentaire de Zera Shimshon sur Chumash, traduit et \u00e9lucid\u00e9<\/p>\n<p>Le Zera Shimshon sur Chumash comprend :<\/p>\n<p>Le texte int\u00e9gral du commentaire de Zera Shimshon sur Chumash, enti\u00e8rement voyellis\u00e9 (menukad)<br \/>\nUne traduction \u00e9claircie con\u00e7ue pour aider le lecteur \u00e0 suivre les id\u00e9es souvent complexes de Zera Shimshon.<br \/>\nUne introduction \u00e0 chaque derush, avec des explications pour am\u00e9liorer notre compr\u00e9hension du commentaire de Zera Shimshon.<br \/>\nNotes explicatives qui offrent des informations de base plus importantes.<\/p>\n<p>Rav Shimshon Chaim Nahmani, c\u00e9l\u00e8bre rav et talmid &#039;hakham italien du XVIIIe si\u00e8cle, est l&#039;auteur du commentaire Zera Shimshon. Dans sa c\u00e9l\u00e8bre introduction, il \u00e9voque la perte de son fils unique et promet de grandes b\u00e9n\u00e9dictions \u00e0 ceux qui apprendront son commentaire. Partout dans le monde, des personnes ont t\u00e9moign\u00e9 de la puissance de la \u00ab segulah \u00bb du Zera Shimshon.<\/p>\n<p>\u00ab \u2026celui qui apprend le commentaire sera assis \u00e0 sa table, entour\u00e9 de ses enfants et de sa famille\u00a0; de belles b\u00e9n\u00e9dictions, toutes offertes de tout c\u0153ur \u00e0 celui qui \u00e9tudie cet ouvrage. Une maison remplie de toutes les bonnes choses\u2026 Les b\u00e9n\u00e9dictions commenceront dans ce monde et se poursuivront dans le monde \u00e0 venir\u2026 \u00bb Extrait de l&#039;introduction de l&#039;auteur \u00e0 Zera Shimshon<\/p>","protected":false},"excerpt":{"rendered":"<p>The Classic Torah Commentary of the 18th Century Kabbalist Rabbi Shimshon Chaim Nachmani Sefer Bambidbar, a new book can be obtained in stores. For details 347-496-5657 or in Israel 05271-66450 zerashimshon.co.il The sefer whose segulah captivated Klal Yisrael: The Zera Shimshon\u2019s Commentary on Chumash, translated and elucidated The Zera Shimshon on Chumash includes: The full &#8230; <a title=\"Sefer Zera Shimshon \u2013 Bamidbar \u2013 \u00c9dition familiale Haas (Couverture rigide)\" class=\"read-more\" href=\"https:\/\/www.zerashimshon.co.il\/fr\/produit\/sefer-zera-shimshon-bamidbar-haas-family-edition-hardcover\/\" aria-label=\"En savoir plus sur Sefer Zera Shimshon &#8211; Bamidbar &#8211; Haas Family Edition (Hardcover)\">Lire la suite<\/a><\/p>","protected":false},"featured_media":7303,"comment_status":"open","ping_status":"closed","template":"","meta":[],"product_brand":[],"product_cat":[19],"product_tag":[591,592,590,569],"class_list":{"0":"post-7302","1":"product","2":"type-product","3":"status-publish","4":"has-post-thumbnail","6":"product_cat-uncategorized","7":"product_tag-sefer-bambidbar","8":"product_tag-the-sefer","9":"product_tag-translated-elucidated","10":"product_tag-zera-shimshon","12":"first","13":"instock","14":"sale","15":"shipping-taxable","16":"purchasable","17":"product-type-simple"},"_links":{"self":[{"href":"https:\/\/www.zerashimshon.co.il\/fr\/wp-json\/wp\/v2\/product\/7302","targetHints":{"allow":["GET"]}}],"collection":[{"href":"https:\/\/www.zerashimshon.co.il\/fr\/wp-json\/wp\/v2\/product"}],"about":[{"href":"https:\/\/www.zerashimshon.co.il\/fr\/wp-json\/wp\/v2\/types\/product"}],"replies":[{"embeddable":true,"href":"https:\/\/www.zerashimshon.co.il\/fr\/wp-json\/wp\/v2\/comments?post=7302"}],"version-history":[{"count":1,"href":"https:\/\/www.zerashimshon.co.il\/fr\/wp-json\/wp\/v2\/product\/7302\/revisions"}],"predecessor-version":[{"id":7304,"href":"https:\/\/www.zerashimshon.co.il\/fr\/wp-json\/wp\/v2\/product\/7302\/revisions\/7304"}],"wp:featuredmedia":[{"embeddable":true,"href":"https:\/\/www.zerashimshon.co.il\/fr\/wp-json\/wp\/v2\/media\/7303"}],"wp:attachment":[{"href":"https:\/\/www.zerashimshon.co.il\/fr\/wp-json\/wp\/v2\/media?parent=7302"}],"wp:term":[{"taxonomy":"product_brand","embeddable":true,"href":"https:\/\/www.zerashimshon.co.il\/fr\/wp-json\/wp\/v2\/product_brand?post=7302"},{"taxonomy":"product_cat","embeddable":true,"href":"https:\/\/www.zerashimshon.co.il\/fr\/wp-json\/wp\/v2\/product_cat?post=7302"},{"taxonomy":"product_tag","embeddable":true,"href":"https:\/\/www.zerashimshon.co.il\/fr\/wp-json\/wp\/v2\/product_tag?post=7302"}],"curies":[{"name":"wp","href":"https:\/\/api.w.org\/{rel}","templated":true}]}}