{"id":7765,"date":"2024-06-30T09:16:09","date_gmt":"2024-06-30T09:16:09","guid":{"rendered":"https:\/\/www.zerashimshon.co.il\/?post_type=product&#038;p=7765"},"modified":"2024-08-06T09:20:00","modified_gmt":"2024-08-06T09:20:00","slug":"zera-shimshon-on-tehillim-the-sefer-the-stories-the-segulah","status":"publish","type":"product","link":"https:\/\/www.zerashimshon.co.il\/fr\/produit\/zera-shimshon-on-tehillim-the-sefer-the-stories-the-segulah\/","title":{"rendered":"Zera Shimshon sur les Tehillim\u00a0: Le Sefer. Les Histoires. La Segulah."},"content":{"rendered":"<div class=\"elementor-element elementor-element-1455233 elementor-widget__width-auto elementor-widget elementor-widget-heading\" data-id=\"1455233\" data-element_type=\"widget\" data-widget_type=\"heading.default\">\n<div class=\"elementor-widget-container\">\n<p class=\"elementor-heading-title elementor-size-default\"><a href=\"https:\/\/artscrollisrael.co.il\/en\/authors\/rabbi-nachman-seltzer-en\/\">Nom de l&#039;auteur :\u00a0<\/a><a style=\"font-size: 16px; background-color: #ffffff;\" href=\"https:\/\/artscrollisrael.co.il\/en\/authors\/rabbi-nachman-seltzer-en\/\">Rabbin Nachman Seltzer<\/a><\/p>\n<p>Des dizaines de milliers de lecteurs ont enrichi leur vie gr\u00e2ce \u00e0 la s\u00e9rie Zera Shimshon du rabbin Nahman Seltzer. Le ph\u00e9nom\u00e8ne Zera Shimshon se poursuit avec ce nouveau volume extraordinaire, \u00ab\u00a0Zera Shimshon on Tehillim\u00a0\u00bb.<\/p>\n<p>Le Sefer Tehillim est traditionnellement divis\u00e9 en 30 jours. Dans cet ouvrage exceptionnel, le rabbin Seltzer s\u00e9lectionne des chapitres de chaque jour et partage de brefs aper\u00e7us du Zera Shimshon, Rav Shimshon Chaim Nahmani, pour chaque jour du mois, ainsi que des anecdotes pour nous inspirer et \u00e9clairer notre compr\u00e9hension.<\/p>\n<p>\u2022 La segulah : Dans son introduction, Rav Shimshon Chaim promet de grandes b\u00e9n\u00e9dictions \u00e0 ceux qui apprennent son travail \u2013 et de plus en plus, nous avons vu cette promesse se r\u00e9aliser !<\/p>\n<\/div>\n<\/div>","protected":false},"excerpt":{"rendered":"<p>Author name:\u00a0Rabbi Nachman Seltzer Tens of thousands of readers have enriched their lives with Rabbi Nachman Seltzer\u2019s Zera Shimshon series. The Zera Shimshon phenomenon continues with this extraordinary new volume, The Zera Shimshon on Tehillim. Sefer Tehillim has traditionally been divided into 30 days. In this extraordinary work, Rabbi Seltzer chooses selected chapters from each &#8230; <a title=\"Zera Shimshon sur les Tehillim\u00a0: Le Sefer. Les Histoires. La Segulah.\" class=\"read-more\" href=\"https:\/\/www.zerashimshon.co.il\/fr\/produit\/zera-shimshon-on-tehillim-the-sefer-the-stories-the-segulah\/\" aria-label=\"En savoir plus sur Zera Shimshon on Tehillim: The Sefer. The Stories. The Segulah\">Lire la suite<\/a><\/p>","protected":false},"featured_media":7766,"comment_status":"open","ping_status":"closed","template":"","meta":[],"product_brand":[],"product_cat":[19],"product_tag":[588,597,571,596,592,572],"class_list":{"0":"post-7765","1":"product","2":"type-product","3":"status-publish","4":"has-post-thumbnail","6":"product_cat-uncategorized","7":"product_tag-format-hardcover","8":"product_tag-psalms","9":"product_tag-rabbi-nachman-seltzer","10":"product_tag-tehilim","11":"product_tag-the-sefer","12":"product_tag-the-segulah","14":"first","15":"instock","16":"sale","17":"shipping-taxable","18":"purchasable","19":"product-type-simple"},"_links":{"self":[{"href":"https:\/\/www.zerashimshon.co.il\/fr\/wp-json\/wp\/v2\/product\/7765","targetHints":{"allow":["GET"]}}],"collection":[{"href":"https:\/\/www.zerashimshon.co.il\/fr\/wp-json\/wp\/v2\/product"}],"about":[{"href":"https:\/\/www.zerashimshon.co.il\/fr\/wp-json\/wp\/v2\/types\/product"}],"replies":[{"embeddable":true,"href":"https:\/\/www.zerashimshon.co.il\/fr\/wp-json\/wp\/v2\/comments?post=7765"}],"version-history":[{"count":1,"href":"https:\/\/www.zerashimshon.co.il\/fr\/wp-json\/wp\/v2\/product\/7765\/revisions"}],"predecessor-version":[{"id":7767,"href":"https:\/\/www.zerashimshon.co.il\/fr\/wp-json\/wp\/v2\/product\/7765\/revisions\/7767"}],"wp:featuredmedia":[{"embeddable":true,"href":"https:\/\/www.zerashimshon.co.il\/fr\/wp-json\/wp\/v2\/media\/7766"}],"wp:attachment":[{"href":"https:\/\/www.zerashimshon.co.il\/fr\/wp-json\/wp\/v2\/media?parent=7765"}],"wp:term":[{"taxonomy":"product_brand","embeddable":true,"href":"https:\/\/www.zerashimshon.co.il\/fr\/wp-json\/wp\/v2\/product_brand?post=7765"},{"taxonomy":"product_cat","embeddable":true,"href":"https:\/\/www.zerashimshon.co.il\/fr\/wp-json\/wp\/v2\/product_cat?post=7765"},{"taxonomy":"product_tag","embeddable":true,"href":"https:\/\/www.zerashimshon.co.il\/fr\/wp-json\/wp\/v2\/product_tag?post=7765"}],"curies":[{"name":"wp","href":"https:\/\/api.w.org\/{rel}","templated":true}]}}