{"id":12474,"date":"2025-07-08T18:08:09","date_gmt":"2025-07-08T18:08:09","guid":{"rendered":"https:\/\/www.zerashimshon.co.il\/?page_id=12474"},"modified":"2025-07-09T23:29:59","modified_gmt":"2025-07-09T23:29:59","slug":"donation-new","status":"publish","type":"page","link":"https:\/\/www.zerashimshon.co.il\/pt\/donation-new\/","title":{"rendered":"Doa\u00e7\u00e3o Nova"},"content":{"rendered":"<div data-elementor-type=\"wp-page\" data-elementor-id=\"12474\" class=\"elementor elementor-12474\" data-elementor-post-type=\"page\">\n\t\t\t\t<div class=\"elementor-element elementor-element-3920f87 e-flex e-con-boxed e-con e-parent\" data-id=\"3920f87\" data-element_type=\"container\" data-e-type=\"container\">\n\t\t\t\t\t<div class=\"e-con-inner\">\n\t\t\t\t<div class=\"elementor-element elementor-element-9fcc8d4 elementor-widget elementor-widget-heading\" data-id=\"9fcc8d4\" data-element_type=\"widget\" data-e-type=\"widget\" data-widget_type=\"heading.default\">\n\t\t\t\t<div class=\"elementor-widget-container\">\n\t\t\t\t\t<h2 class=\"elementor-heading-title elementor-size-default\">DOAR<\/h2>\t\t\t\t<\/div>\n\t\t\t\t<\/div>\n\t\t<div class=\"elementor-element elementor-element-8a83e05 e-con-full e-flex e-con e-child\" data-id=\"8a83e05\" data-element_type=\"container\" data-e-type=\"container\" data-settings=\"{&quot;background_background&quot;:&quot;classic&quot;}\">\n\t\t\t\t<div class=\"elementor-element elementor-element-3a83665 elementor-widget elementor-widget-heading\" data-id=\"3a83665\" data-element_type=\"widget\" data-e-type=\"widget\" data-widget_type=\"heading.default\">\n\t\t\t\t<div class=\"elementor-widget-container\">\n\t\t\t\t\t<h2 class=\"elementor-heading-title elementor-size-default\">APOIE O PROJETO ZERA SHIMSHON<\/h2>\t\t\t\t<\/div>\n\t\t\t\t<\/div>\n\t\t\t\t<\/div>\n\t\t\t\t<div class=\"elementor-element elementor-element-1ed8775 text-donate elementor-widget elementor-widget-text-editor\" data-id=\"1ed8775\" data-element_type=\"widget\" data-e-type=\"widget\" data-widget_type=\"text-editor.default\">\n\t\t\t\t<div class=\"elementor-widget-container\">\n\t\t\t\t\t\t\t\t\t<h4 class=\"cvGsUA direction-ltr align-start para-style-body\"><strong><span class=\"OYPEnA font-feature-liga-off font-feature-clig-off font-feature-calt-off text-decoration-none text-strikethrough-none\">Participe da b\u00ean\u00e7\u00e3o. Multiplique o m\u00e9rito.<\/span><\/strong><\/h4><p class=\"cvGsUA direction-ltr align-start para-style-body\"><span class=\"OYPEnA font-feature-liga-off font-feature-clig-off font-feature-calt-off text-decoration-none text-strikethrough-none\">Cada doa\u00e7\u00e3o nos ajuda a espalhar os ensinamentos da Zera Shimshon pelo mundo \u2014 em formatos impressos, de \u00e1udio, de v\u00eddeo e digitais \u2014 alcan\u00e7ando dezenas de milhares de alunos em todos os continentes.<\/span><\/p><p>\u00a0<\/p><h4 class=\"cvGsUA direction-ltr align-start para-style-body\"><strong><span class=\"OYPEnA font-feature-liga-off font-feature-clig-off font-feature-calt-off text-decoration-none text-strikethrough-none\">Por que doar?<\/span><\/strong><\/h4><p class=\"cvGsUA direction-ltr align-start para-style-body\"><span class=\"OYPEnA font-feature-liga-off font-feature-clig-off font-feature-calt-off text-decoration-none text-strikethrough-none\">O Zera Shimshon prometeu b\u00ean\u00e7\u00e3os de filhos, sa\u00fade, parnasa e honra \u00e0queles que aprendessem sua Tor\u00e1 \u2014 e \u00e0queles que ajudassem a propag\u00e1-la.<\/span><\/p><p class=\"cvGsUA direction-ltr align-start para-style-body\"><span class=\"OYPEnA font-feature-liga-off font-feature-clig-off font-feature-calt-off text-decoration-none text-strikethrough-none\">Sua contribui\u00e7\u00e3o apoia a publica\u00e7\u00e3o e distribui\u00e7\u00e3o gratuita do Divrei Tor\u00e1 semanal em 7 idiomas.<\/span><\/p><p class=\"cvGsUA direction-ltr align-start para-style-body\"><span class=\"OYPEnA font-feature-liga-off font-feature-clig-off font-feature-calt-off text-decoration-none text-strikethrough-none\">Permita a continua\u00e7\u00e3o de shiurim, tradu\u00e7\u00f5es, campanhas de divulga\u00e7\u00e3o e muito mais.<\/span><\/p><p class=\"cvGsUA direction-ltr align-start para-style-body\">\u00a0<\/p><h4 class=\"cvGsUA direction-ltr align-start para-style-body\"><strong><span class=\"OYPEnA font-feature-liga-off font-feature-clig-off font-feature-calt-off text-decoration-none text-strikethrough-none\">O que voc\u00ea est\u00e1 apoiando:<\/span><\/strong><\/h4><ul><li><span class=\"OYPEnA font-feature-liga-off font-feature-clig-off font-feature-calt-off text-decoration-none text-strikethrough-none\">Panfletos semanais em Israel, EUA, Europa e no mundo todo.<\/span><\/li><li><span class=\"OYPEnA font-feature-liga-off font-feature-clig-off font-feature-calt-off text-decoration-none text-strikethrough-none\">Shiurim comunit\u00e1rios em v\u00e1rios idiomas.<\/span><\/li><li><span class=\"OYPEnA font-feature-liga-off font-feature-clig-off font-feature-calt-off text-decoration-none text-strikethrough-none\">Conte\u00fado digital (\u00e1udio, v\u00eddeo, PDFs).<\/span><\/li><li><span class=\"OYPEnA font-feature-liga-off font-feature-clig-off font-feature-calt-off text-decoration-none text-strikethrough-none\">Novos projetos de livros e tradu\u00e7\u00f5es.<\/span><\/li><\/ul>\t\t\t\t\t\t\t\t<\/div>\n\t\t\t\t<\/div>\n\t\t\t\t\t<\/div>\n\t\t\t\t<\/div>\n\t\t\t\t<section class=\"elementor-section elementor-top-section elementor-element elementor-element-bc7156d elementor-section-boxed elementor-section-height-default elementor-section-height-default\" data-id=\"bc7156d\" data-element_type=\"section\" data-e-type=\"section\">\n\t\t\t\t\t\t<div class=\"elementor-container elementor-column-gap-default\">\n\t\t\t\t\t<div class=\"elementor-column elementor-col-100 elementor-top-column elementor-element elementor-element-5fd6edb\" data-id=\"5fd6edb\" data-element_type=\"column\" data-e-type=\"column\">\n\t\t\t<div class=\"elementor-widget-wrap elementor-element-populated\">\n\t\t\t\t\t\t<div class=\"elementor-element elementor-element-4e927c2 elementor-widget elementor-widget-html\" data-id=\"4e927c2\" data-element_type=\"widget\" data-e-type=\"widget\" data-widget_type=\"html.default\">\n\t\t\t\t<div class=\"elementor-widget-container\">\n\t\t\t\t\t<iframe loading=\"lazy\" src=\"https:\/\/ultra.kesherhk.info\/external\/paymentPage\/184469\" width=\"200%\" height=\"800\" frameborder=\"0\" scrolling=\"auto\"><\/iframe>\t\t\t\t<\/div>\n\t\t\t\t<\/div>\n\t\t\t\t\t<\/div>\n\t\t<\/div>\n\t\t\t\t\t<\/div>\n\t\t<\/section>\n\t\t\t\t<section class=\"elementor-section elementor-top-section elementor-element elementor-element-a60952a elementor-section-boxed elementor-section-height-default elementor-section-height-default\" data-id=\"a60952a\" data-element_type=\"section\" data-e-type=\"section\">\n\t\t\t\t\t\t<div class=\"elementor-container elementor-column-gap-default\">\n\t\t\t\t\t<div class=\"elementor-column elementor-col-100 elementor-top-column elementor-element elementor-element-2525e2f\" data-id=\"2525e2f\" data-element_type=\"column\" data-e-type=\"column\">\n\t\t\t<div class=\"elementor-widget-wrap elementor-element-populated\">\n\t\t\t\t\t\t<div class=\"elementor-element elementor-element-1a86d39 elementor-widget elementor-widget-text-editor\" data-id=\"1a86d39\" data-element_type=\"widget\" data-e-type=\"widget\" data-widget_type=\"text-editor.default\">\n\t\t\t\t<div class=\"elementor-widget-container\">\n\t\t\t\t\t\t\t\t\t<div id=\"MainDiv\" style=\"font-size: medium; margin: 20px auto 10px; width: 600px; max-width: 600px; color: #808080; font-family: Assistant, sans-serif; vertical-align: middle; border-radius: 10px; border: 2px solid #eeeeee; padding-top: 20px; padding-bottom: 20px;\"><div id=\"PaymentDiv\" style=\"margin: auto; border-radius: 10px; padding: 0px; text-align: center; position: relative;\"><div><div style=\"min-height: 158px; font-size: 0px;\"><a href=\"https:\/\/nedar.im\/7005244\"><img decoding=\"async\" id=\"WelcomLogo\" style=\"width: auto; max-height: 158px; border-radius: 5px;\" src=\"https:\/\/images.matara.pro\/ClientsImages\/7005244.jpg?1\" \/><\/a><\/div><div id=\"MosadName\" dir=\"rtl\" style=\"font-size: large; font-weight: bold; color: #ca4f18; max-width: 70%; margin: 15px auto auto;\"><a href=\"https:\/\/nedar.im\/7005244\">C<\/a><a href=\"https:\/\/nedar.im\/7005244\">clique aqui &lt;-&gt; \u05d6\u05e8\u05e2 \u05e9\u05de\u05e9\u05d5\u05df<\/a><\/div><\/div><div id=\"OnlineHtml\" dir=\"rtl\">\u00a0<\/div><hr style=\"width: 600px; margin: 30px auto 40px; border: 1px solid #eeeeee;\" \/><div id=\"FormDiv\" dir=\"rtl\"><div id=\"ClientNameSpan\" class=\"SpanDiv\" style=\"width: 240px; display: inline-block; vertical-align: top; text-align: right; margin: 10px 12px 12px;\"><p><label class=\"SpanLbl\" style=\"width: 100%; font-weight: 600; user-select: none; font-size: 14px;\" for=\"ClientNameTxt\"><span style=\"color: indianred;\">*<\/span><span id=\"ClientNameLbl\">\u05e9\u05dd \u05de\u05e9\u05e4\u05d7\u05d4 \u05d5\u05e9\u05dd \u05e4\u05e8\u05d8\u05d9:<\/span><\/label><br \/><input id=\"ClientNameTxt\" class=\"TextBox\" dir=\"rtl\" style=\"border-radius: 2px; font-family: Assistant, sans-serif; font-weight: 600; font-size: medium; color: black; background: #fafafa; padding: 9px 10px 9px 6px; border-color: #eeeeee; border-width: 0px; box-shadow: rgba(0, 0, 0, 0.08) 0px 1px 3px 0px inset; width: 240px;\" autocomplete=\"off\" maxlength=\"50\" name=\"ClientNameTxt\" type=\"text\" \/><\/p><div id=\"ClientNameSpanAlert\" style=\"font-size: small; color: #c97777; font-weight: 600;\">\u05d4\u05e7\u05d1\u05dc\u05d4 \u05ea\u05d5\u05e4\u05e7 \u05e2\u05dc \u05e9\u05dd \u05d6\u05d4<\/div><\/div><div id=\"ZeoutSpan\" class=\"SpanDiv\" style=\"width: 240px; display: inline-block; vertical-align: top; text-align: right; margin: 10px 12px 12px;\"><p><label class=\"SpanLbl\" style=\"width: 100%; font-weight: 600; user-select: none; font-size: 14px;\" for=\"ZeoutTxt\"><span id=\"ZeoutLbl\">Palavras cruzadas:<\/span><\/label><br \/><input id=\"ZeoutTxt\" class=\"TextBox\" dir=\"ltr\" style=\"border-radius: 2px; font-family: Assistant, sans-serif; font-weight: 600; font-size: medium; color: black; background: #fafafa; text-align: right; padding: 9px 10px 9px 6px; border-color: #eeeeee; border-width: 0px; box-shadow: rgba(0, 0, 0, 0.08) 0px 1px 3px 0px inset; width: 240px;\" autocomplete=\"off\" maxlength=\"9\" name=\"ZeoutTxt\" type=\"tel\" \/><\/p><div id=\"LogInLbl\" dir=\"rtl\" style=\"font-size: small; font-family: Arial; margin-top: 2px; user-select: none; opacity: 0.6;\"><span id=\"LogInLbl1\">O que voc\u00ea acha?<\/span>\u00a0<span id=\"LogInLbl2\" style=\"cursor: pointer; color: cornflowerblue;\">Eu te amo<\/span><\/div><\/div><div id=\"AdresseSpan\" class=\"SpanDiv\" style=\"width: 240px; display: inline-block; vertical-align: top; text-align: right; margin: 10px 12px 12px;\"><label class=\"SpanLbl\" style=\"width: 100%; font-weight: 600; user-select: none; font-size: 14px;\" for=\"AdresseTxt\"><span id=\"AdresseLbl\">Palavras:<\/span><\/label><br \/><input id=\"AdresseTxt\" class=\"TextBox\" dir=\"rtl\" style=\"border-radius: 2px; font-family: Assistant, sans-serif; font-weight: 600; font-size: medium; color: black; background: #fafafa; padding: 9px 10px 9px 6px; border-color: #eeeeee; border-width: 0px; box-shadow: rgba(0, 0, 0, 0.08) 0px 1px 3px 0px inset; width: 240px;\" autocomplete=\"off\" maxlength=\"50\" name=\"AdresseTxt\" type=\"text\" \/><\/div><div id=\"CitySpan\" class=\"SpanDiv\" style=\"width: 240px; display: inline-block; vertical-align: top; text-align: right; margin: 10px 12px 12px;\"><label class=\"SpanLbl\" style=\"width: 100%; font-weight: 600; user-select: none; font-size: 14px;\" for=\"CityTxt\"><span id=\"CityLbl\">Se:<\/span><\/label><br \/><input id=\"CityTxt\" class=\"TextBox\" dir=\"rtl\" style=\"border-radius: 2px; font-family: Assistant, sans-serif; font-weight: 600; font-size: medium; color: black; background: #fafafa; padding: 9px 10px 9px 6px; border-color: #eeeeee; border-width: 0px; box-shadow: rgba(0, 0, 0, 0.08) 0px 1px 3px 0px inset; width: 240px;\" autocomplete=\"off\" maxlength=\"50\" name=\"CityTxt\" type=\"text\" \/><\/div><div id=\"PhoneSpan\" class=\"SpanDiv\" style=\"width: 240px; display: inline-block; vertical-align: top; text-align: right; margin: 10px 12px 12px;\"><label id=\"PhoneLbl\" class=\"SpanLbl\" style=\"width: 100%; font-weight: 600; user-select: none; font-size: 14px;\" for=\"PhoneTxt\"><span id=\"PhoneLblTxt\">Resposta:<\/span><\/label><br \/><input id=\"PhoneTxt\" class=\"TextBox\" dir=\"ltr\" style=\"border-radius: 2px; font-family: Assistant, sans-serif; font-weight: 600; font-size: medium; color: black; background: #fafafa; text-align: right; padding: 9px 10px 9px 6px; border-color: #eeeeee; border-width: 0px; box-shadow: rgba(0, 0, 0, 0.08) 0px 1px 3px 0px inset; width: 240px;\" autocomplete=\"off\" maxlength=\"16\" name=\"PhoneTxt\" type=\"tel\" \/><\/div><div id=\"MailSpan\" class=\"SpanDiv\" style=\"width: 240px; display: inline-block; vertical-align: top; text-align: right; margin: 10px 12px 12px;\"><p><label class=\"SpanLbl\" style=\"width: 100%; font-weight: 600; user-select: none; font-size: 14px;\" for=\"MailTxt\"><span id=\"MailLbl\">Adeus:<\/span><\/label><\/p><div id=\"MailTxt_Div\" style=\"display: inline-block; width: 240px;\"><p><input id=\"MailTxt\" class=\"TextBox\" dir=\"ltr\" style=\"border-radius: 2px; font-family: Assistant, sans-serif; font-weight: 600; font-size: medium; color: black; background: #fafafa; padding: 9px 10px 9px 6px; border-color: #eeeeee; border-width: 0px; box-shadow: rgba(0, 0, 0, 0.08) 0px 1px 3px 0px inset; width: 240px; direction: ltr;\" autocomplete=\"off\" maxlength=\"50\" name=\"MailTxt\" type=\"email\" \/><\/p><div id=\"MailHelperDiv_MailTxt\" style=\"position: relative;\">\u00a0<\/div><\/div><p>\u00a0<\/p><div id=\"ClientMailSpanAlert\" style=\"font-size: small; color: #c97777; font-weight: 600;\">\u05d4\u05e7\u05d1\u05dc\u05d4 \u05ea\u05e9\u05dc\u05d7 \u05dc\u05de\u05d9\u05d9\u05dc \u05d6\u05d4<\/div><\/div><div id=\"ClientCommentSpan\" class=\"SpanDiv\" style=\"width: 510px; display: inline-block; vertical-align: top; text-align: right; margin: 10px 12px 12px;\"><div id=\"CommentKoteret\" class=\"SpanLbl\" style=\"width: 510px; font-weight: 600; user-select: none; font-size: 14px;\">Palavras:<\/div><p><input id=\"AvourTxt\" class=\"TextBox\" dir=\"rtl\" style=\"border-radius: 2px; font-family: Assistant, sans-serif; font-weight: 600; font-size: medium; color: black; background: #fafafa; padding: 9px 10px 9px 6px; border-color: #eeeeee; border-width: 0px; box-shadow: rgba(0, 0, 0, 0.08) 0px 1px 3px 0px inset; width: 510px;\" autocomplete=\"off\" maxlength=\"100\" name=\"nope\" type=\"text\" \/><\/p><\/div><hr style=\"width: 420px; margin-right: auto; margin-left: auto; margin-top: 30px; border: 1px solid #f5f5f5;\" \/><div id=\"PaiementType\" style=\"vertical-align: top; margin: 30px 5px 5px;\"><div id=\"CreditCardRagilDiv\" style=\"display: inline-block; margin: 5px; border: 1px solid #eeeeee; border-radius: 5px; padding: 10px; user-select: none; cursor: pointer;\"><img decoding=\"async\" src=\"https:\/\/www.matara.pro\/nedarimplus\/online\/Files\/Card.png\" \/><br \/><input id=\"Normal\" style=\"appearance: radio; border-radius: 0px; margin: 4px; cursor: pointer;\" name=\"PaiementType\" type=\"radio\" value=\"Normal\" \/><label style=\"font-weight: 600; cursor: pointer;\" for=\"Normal\"><span id=\"NormalLbl\">\u05d7\u05d9\u05d5\u05d1 \u05d1\u05d5\u05d3\u05d3 \/ \u05ea\u05e9\u05dc\u05d5\u05de\u05d9\u05dd<\/span><br \/><span style=\"font-size: small; margin-right: 10px; font-weight: normal;\">\u00a0<\/span><\/label><\/div><div id=\"CreditCardKevaDiv\" style=\"display: inline-block; margin: 5px; border: 1px solid #eeeeee; border-radius: 5px; padding: 10px; user-select: none; cursor: pointer;\"><img decoding=\"async\" src=\"https:\/\/www.matara.pro\/nedarimplus\/online\/Files\/CardKeva.png\" \/><br \/><input id=\"Keva\" style=\"appearance: radio; border-radius: 0px; margin: 4px; cursor: pointer;\" name=\"PaiementType\" type=\"radio\" value=\"Keva\" \/><label style=\"font-weight: 600; cursor: pointer;\" for=\"Keva\"><span id=\"KevaLbl\">\u00a0\u05d4\u05d5\u201d\u05e7 \u05d0\u05e9\u05e8\u05d0\u05d9<\/span><br \/><span id=\"KevaLbl2\" style=\"font-size: small; margin-right: 10px; font-weight: normal;\">Eu te amo muito<\/span><\/label><\/div><div id=\"BitDiv\" style=\"display: inline-block; margin: 5px; border: 1px solid #eeeeee; border-radius: 5px; padding: 10px; user-select: none; cursor: pointer;\"><img decoding=\"async\" style=\"border-radius: 5px;\" src=\"https:\/\/www.matara.pro\/nedarimplus\/online\/Files\/Bit.png\" \/><br \/><input id=\"Bit\" style=\"appearance: radio; border-radius: 0px; margin: 4px; cursor: pointer;\" name=\"PaiementType\" type=\"radio\" value=\"Bit\" \/><label style=\"font-weight: 600; cursor: pointer;\" for=\"Bit\"><span id=\"BitLbl\">Por BIT<\/span><br \/><span style=\"font-size: small; margin-right: 10px; font-weight: normal;\">\u00a0<\/span><\/label><\/div><\/div><\/div><\/div><\/div><div id=\"SecurityLogo\" style=\"color: #000000; font-family: Assistant; font-size: medium; text-align: center; width: 400px; max-width: 400px; margin-left: auto; margin-right: auto; user-select: none;\"><img decoding=\"async\" style=\"width: 280px;\" src=\"https:\/\/www.matara.pro\/nedarimplus\/online\/Files\/Security.PNG\" \/><\/div><div id=\"NedarimFooter\" style=\"padding: 5px 20px; margin: 20px auto; color: gray; width: 200px; border-radius: 5px; opacity: 0.7; text-align: center; font-size: 12px; font-family: Assistant, sans-serif;\"><p><img decoding=\"async\" src=\"https:\/\/www.matara.pro\/nedarimplus\/online\/nedarim.png\" \/><br \/>\u05de\u05d5\u05e4\u05e2\u05dc \u05d1\u05d0\u05de\u05e6\u05e2\u05d5\u05ea<br \/><strong>\u05e0\u05d3\u05e8\u05d9\u05dd \u05e4\u05dc\u05d5\u05e1 \u05de\u05d1\u05d9\u05ea \u05de\u05d8\u05e8\u05d4 \u05d4\u05e4\u05e7\u05d5\u05ea<\/strong><br \/>Atendimento ao cliente: 03-7630543<\/p><div id=\"IP\" data-nosnippet=\"\">IP 147.235.196.179<\/div><\/div>\t\t\t\t\t\t\t\t<\/div>\n\t\t\t\t<\/div>\n\t\t\t\t\t<\/div>\n\t\t<\/div>\n\t\t\t\t\t<\/div>\n\t\t<\/section>\n\t\t\t\t<\/div>","protected":false},"excerpt":{"rendered":"<p>DONATE SUPPORT THE ZERA SHIMSHON PROJECT Be a part of the blessing. Multiply the merit. Every donation helps us spread the teachings of the Zera Shimshon around the world \u2014 in print, audio, video, and digital formats \u2014 reaching tens of thousands of learners across continents. \u00a0 Why Give? The Zera Shimshon promised blessings of &#8230; <a title=\"Doa\u00e7\u00e3o Nova\" class=\"read-more\" href=\"https:\/\/www.zerashimshon.co.il\/pt\/donation-new\/\" aria-label=\"Leia mais sobre Donation New\">Ler mais<\/a><\/p>","protected":false},"author":8,"featured_media":0,"parent":0,"menu_order":0,"comment_status":"closed","ping_status":"closed","template":"elementor_header_footer","meta":{"footnotes":""},"class_list":["post-12474","page","type-page","status-publish"],"_links":{"self":[{"href":"https:\/\/www.zerashimshon.co.il\/pt\/wp-json\/wp\/v2\/pages\/12474","targetHints":{"allow":["GET"]}}],"collection":[{"href":"https:\/\/www.zerashimshon.co.il\/pt\/wp-json\/wp\/v2\/pages"}],"about":[{"href":"https:\/\/www.zerashimshon.co.il\/pt\/wp-json\/wp\/v2\/types\/page"}],"author":[{"embeddable":true,"href":"https:\/\/www.zerashimshon.co.il\/pt\/wp-json\/wp\/v2\/users\/8"}],"replies":[{"embeddable":true,"href":"https:\/\/www.zerashimshon.co.il\/pt\/wp-json\/wp\/v2\/comments?post=12474"}],"version-history":[{"count":12,"href":"https:\/\/www.zerashimshon.co.il\/pt\/wp-json\/wp\/v2\/pages\/12474\/revisions"}],"predecessor-version":[{"id":12605,"href":"https:\/\/www.zerashimshon.co.il\/pt\/wp-json\/wp\/v2\/pages\/12474\/revisions\/12605"}],"wp:attachment":[{"href":"https:\/\/www.zerashimshon.co.il\/pt\/wp-json\/wp\/v2\/media?parent=12474"}],"curies":[{"name":"wp","href":"https:\/\/api.w.org\/{rel}","templated":true}]}}