{"id":5207,"date":"2024-01-03T12:49:02","date_gmt":"2024-01-03T12:49:02","guid":{"rendered":"https:\/\/www.zerashimshon.co.il\/?post_type=product&#038;p=5207"},"modified":"2024-01-03T12:52:26","modified_gmt":"2024-01-03T12:52:26","slug":"sefer-zera-shimshon-shemos-volume-1-shemos-bo-haas-family-edition","status":"publish","type":"product","link":"https:\/\/www.zerashimshon.co.il\/pt\/produto\/sefer-zera-shimshon-shemos-volume-1-shemos-bo-haas-family-edition\/","title":{"rendered":"Sefer Zera Shimshon \u2013 Shemos Volume 1: Shemos \u2013 Bo \u2013 Haas Family Edition"},"content":{"rendered":"<p>O sefer cuja segulah cativou Klal Yisrael:<\/p>\n<p>O Coment\u00e1rio de Zera Shimshon sobre Chumash, traduzido e elucidado<\/p>\n<p><b>O Zera Shimshon em Chumash inclui:<\/b><\/p>\n<ul>\n<li>O texto completo do coment\u00e1rio de Zera Shimshon sobre Chumash, totalmente vogalizado (menukad)<\/li>\n<li>Uma tradu\u00e7\u00e3o elucidada projetada para ajudar o leitor a acompanhar as ideias muitas vezes complexas de Zera Shimshon.<\/li>\n<li>Uma introdu\u00e7\u00e3o para cada derush, com explica\u00e7\u00f5es para melhorar nossa compreens\u00e3o do coment\u00e1rio de Zera Shimshon.<\/li>\n<li>Notas explicativas que oferecem material de apoio mais importante.<\/li>\n<\/ul>\n<p>Rav Shimshon Chaim Nachmani, um renomado rav e talmid chacham italiano do s\u00e9culo XVIII, \u00e9 o autor do coment\u00e1rio de Zera Shimshon. Em sua famosa introdu\u00e7\u00e3o, ele fala sobre a perda de seu \u00fanico filho e promete grandes b\u00ean\u00e7\u00e3os \u00e0queles que aprenderem seu coment\u00e1rio. Pessoas em todo o mundo t\u00eam atestado o poder da &quot;segulah&quot; de Zera Shimshon.<\/p>\n<p>\u201c\u2026a pessoa que aprende o coment\u00e1rio sentar-se-\u00e1 \u00e0 sua mesa cercada por seus filhos e familiares; belas b\u00ean\u00e7\u00e3os, todas dadas de todo o cora\u00e7\u00e3o \u00e0 pessoa que estuda esta obra. Uma casa repleta de tudo de bom\u2026 As b\u00ean\u00e7\u00e3os come\u00e7ar\u00e3o neste mundo e continuar\u00e3o no mundo vindouro\u2026\u201d da Introdu\u00e7\u00e3o do autor a Zera Shimshon<\/p>\n<p>&nbsp;<\/p>","protected":false},"excerpt":{"rendered":"<p>What is the Zera Shimshon Phenomenon All About? Inside Artscroll with Rabbi Binyomin Paskesz.<\/p>","protected":false},"featured_media":5208,"comment_status":"open","ping_status":"closed","template":"","meta":[],"product_brand":[],"product_cat":[19],"product_tag":[],"class_list":{"0":"post-5207","1":"product","2":"type-product","3":"status-publish","4":"has-post-thumbnail","6":"product_cat-uncategorized","8":"first","9":"instock","10":"sale","11":"shipping-taxable","12":"purchasable","13":"product-type-simple"},"_links":{"self":[{"href":"https:\/\/www.zerashimshon.co.il\/pt\/wp-json\/wp\/v2\/product\/5207","targetHints":{"allow":["GET"]}}],"collection":[{"href":"https:\/\/www.zerashimshon.co.il\/pt\/wp-json\/wp\/v2\/product"}],"about":[{"href":"https:\/\/www.zerashimshon.co.il\/pt\/wp-json\/wp\/v2\/types\/product"}],"replies":[{"embeddable":true,"href":"https:\/\/www.zerashimshon.co.il\/pt\/wp-json\/wp\/v2\/comments?post=5207"}],"version-history":[{"count":0,"href":"https:\/\/www.zerashimshon.co.il\/pt\/wp-json\/wp\/v2\/product\/5207\/revisions"}],"wp:featuredmedia":[{"embeddable":true,"href":"https:\/\/www.zerashimshon.co.il\/pt\/wp-json\/wp\/v2\/media\/5208"}],"wp:attachment":[{"href":"https:\/\/www.zerashimshon.co.il\/pt\/wp-json\/wp\/v2\/media?parent=5207"}],"wp:term":[{"taxonomy":"product_brand","embeddable":true,"href":"https:\/\/www.zerashimshon.co.il\/pt\/wp-json\/wp\/v2\/product_brand?post=5207"},{"taxonomy":"product_cat","embeddable":true,"href":"https:\/\/www.zerashimshon.co.il\/pt\/wp-json\/wp\/v2\/product_cat?post=5207"},{"taxonomy":"product_tag","embeddable":true,"href":"https:\/\/www.zerashimshon.co.il\/pt\/wp-json\/wp\/v2\/product_tag?post=5207"}],"curies":[{"name":"wp","href":"https:\/\/api.w.org\/{rel}","templated":true}]}}