{"id":5209,"date":"2024-01-03T12:56:05","date_gmt":"2024-01-03T12:56:05","guid":{"rendered":"https:\/\/www.zerashimshon.co.il\/?post_type=product&#038;p=5209"},"modified":"2024-01-03T12:57:30","modified_gmt":"2024-01-03T12:57:30","slug":"sefer-zera-shimshon-shemos-volume-2-beshalach-yisro-pesach-haggadah-haas-family-edition-hardcover","status":"publish","type":"product","link":"https:\/\/www.zerashimshon.co.il\/pt\/produto\/sefer-zera-shimshon-shemos-volume-2-beshalach-yisro-pesach-haggadah-haas-family-edition-hardcover\/","title":{"rendered":"Sefer Zera Shimshon \u2013 Shemos Volume 2: Beshalach-Yisro \/ Pesach Hagad\u00e1 \u2013 Haas Family Edition (capa dura)"},"content":{"rendered":"<h5 id=\"subTitle\">O Coment\u00e1rio Cl\u00e1ssico da Tor\u00e1 do Rabino Cabalista do S\u00e9culo XVIII, Shimshon Chaim Nachmani<\/h5>\n<p>The sefer whose segulah captivated Klal Yisrael: The Zera Shimshon\u2019s Commentary on Chumash, translated and elucidated\u00a0<b>O Zera Shimshon em Chumash inclui:<\/b><\/p>\n<ul>\n<li>O texto completo do coment\u00e1rio de Zera Shimshon sobre Chumash, totalmente vogalizado (menukad)<\/li>\n<li>Uma tradu\u00e7\u00e3o elucidada projetada para ajudar o leitor a acompanhar as ideias muitas vezes complexas de Zera Shimshon.<\/li>\n<li>Uma introdu\u00e7\u00e3o para cada derush, com explica\u00e7\u00f5es para melhorar nossa compreens\u00e3o do coment\u00e1rio de Zera Shimshon.<\/li>\n<li>Notas explicativas que oferecem material de apoio mais importante.<\/li>\n<\/ul>\n<p>&nbsp;<\/p>","protected":false},"excerpt":{"rendered":"<p>The Classic Torah Commentary of the 18th Century Kabbalist Rabbi Shimshon Chaim Nachmani The sefer whose segulah captivated Klal Yisrael: The Zera Shimshon\u2019s Commentary on Chumash, translated and elucidated\u00a0The Zera Shimshon on Chumash includes: The full text of the Zera Shimshon\u2019s commentary on Chumash, fully vowelized (menukad) An elucidated translation designed to help the reader &#8230; <a title=\"Sefer Zera Shimshon &#8211; Shemos Volume 2: Beshalach-Yisro \/ Pesach Haggadah &#8211; Haas Family Edition (Hardcover)\" class=\"read-more\" href=\"https:\/\/www.zerashimshon.co.il\/pt\/produto\/sefer-zera-shimshon-shemos-volume-2-beshalach-yisro-pesach-haggadah-haas-family-edition-hardcover\/\" aria-label=\"Leia mais sobre Sefer Zera Shimshon &#8211; Shemos Volume 2: Beshalach-Yisro \/ Pesach Haggadah &#8211; Haas Family Edition (Hardcover)\">Ler mais<\/a><\/p>","protected":false},"featured_media":5211,"comment_status":"open","ping_status":"closed","template":"","meta":[],"product_brand":[],"product_cat":[19],"product_tag":[576,574,578,573,575,577,569],"class_list":{"0":"post-5209","1":"product","2":"type-product","3":"status-publish","4":"has-post-thumbnail","6":"product_cat-uncategorized","7":"product_tag-beshalach","8":"product_tag-pesach","9":"product_tag-shavuot","10":"product_tag-shemot","11":"product_tag-yam-suf","12":"product_tag-yisro","13":"product_tag-zera-shimshon","15":"first","16":"instock","17":"sale","18":"shipping-taxable","19":"purchasable","20":"product-type-simple"},"_links":{"self":[{"href":"https:\/\/www.zerashimshon.co.il\/pt\/wp-json\/wp\/v2\/product\/5209","targetHints":{"allow":["GET"]}}],"collection":[{"href":"https:\/\/www.zerashimshon.co.il\/pt\/wp-json\/wp\/v2\/product"}],"about":[{"href":"https:\/\/www.zerashimshon.co.il\/pt\/wp-json\/wp\/v2\/types\/product"}],"replies":[{"embeddable":true,"href":"https:\/\/www.zerashimshon.co.il\/pt\/wp-json\/wp\/v2\/comments?post=5209"}],"version-history":[{"count":0,"href":"https:\/\/www.zerashimshon.co.il\/pt\/wp-json\/wp\/v2\/product\/5209\/revisions"}],"wp:featuredmedia":[{"embeddable":true,"href":"https:\/\/www.zerashimshon.co.il\/pt\/wp-json\/wp\/v2\/media\/5211"}],"wp:attachment":[{"href":"https:\/\/www.zerashimshon.co.il\/pt\/wp-json\/wp\/v2\/media?parent=5209"}],"wp:term":[{"taxonomy":"product_brand","embeddable":true,"href":"https:\/\/www.zerashimshon.co.il\/pt\/wp-json\/wp\/v2\/product_brand?post=5209"},{"taxonomy":"product_cat","embeddable":true,"href":"https:\/\/www.zerashimshon.co.il\/pt\/wp-json\/wp\/v2\/product_cat?post=5209"},{"taxonomy":"product_tag","embeddable":true,"href":"https:\/\/www.zerashimshon.co.il\/pt\/wp-json\/wp\/v2\/product_tag?post=5209"}],"curies":[{"name":"wp","href":"https:\/\/api.w.org\/{rel}","templated":true}]}}