{"id":5215,"date":"2024-01-03T17:09:07","date_gmt":"2024-01-03T17:09:07","guid":{"rendered":"https:\/\/www.zerashimshon.co.il\/?post_type=product&#038;p=5215"},"modified":"2024-01-03T17:09:07","modified_gmt":"2024-01-03T17:09:07","slug":"zera-shimshon-on-megillas-esther","status":"publish","type":"product","link":"https:\/\/www.zerashimshon.co.il\/pt\/produto\/zera-shimshon-on-megillas-esther\/","title":{"rendered":"Zera Shimshon sobre Megil\u00e1s Ester"},"content":{"rendered":"<h4 id=\"ctl00_mPageContent_description_header\"><span style=\"font-size: 16px;\">Levando o estudo de Zera Shimshon a um n\u00edvel totalmente novo!<\/span><\/h4>\n<div>\n<p>Milhares de pessoas descobriram os belos e originais pensamentos da Tor\u00e1 \u2013 e a not\u00e1vel segul\u00e1 \u2013 do Zera Shimshon. Agora, a ArtScroll orgulhosamente apresenta O Zera Shimshon sobre a Megil\u00e1 Ester, o primeiro de uma s\u00e9rie de v\u00e1rios volumes sobre o coment\u00e1rio que cativou o mundo da Tor\u00e1.<\/p>\n<p>O Zera Shimshon em Megillas Esther inclui:<\/p>\n<ul>\n<li>O texto completo do coment\u00e1rio de Zera Shimshon sobre Megillas Esther, com uma tradu\u00e7\u00e3o elucidada projetada para ajudar o leitor a acompanhar as ideias muitas vezes complexas de Zera Shimshon.<\/li>\n<li>Uma introdu\u00e7\u00e3o para cada derush, com explica\u00e7\u00f5es para melhorar nossa compreens\u00e3o do coment\u00e1rio de Zera Shimshon.<\/li>\n<li>Notas explicativas que oferecem material de apoio mais importante.<\/li>\n<\/ul>\n<\/div>","protected":false},"excerpt":{"rendered":"<p>Bringing the Study of Zera Shimshon to a Whole New Level! Thousands have discovered the beautiful and original Torah thoughts &#8211; and the remarkable\u00a0segulah\u00a0&#8211; of the Zera Shimshon. Now, ArtScroll proudly presents\u00a0The Zera Shimshon on Megillas Esther,\u00a0the first in a multi-volume series on the commentary that has captivated the Torah world. The Zera Shimshon on &#8230; <a title=\"Zera Shimshon sobre Megil\u00e1s Ester\" class=\"read-more\" href=\"https:\/\/www.zerashimshon.co.il\/pt\/produto\/zera-shimshon-on-megillas-esther\/\" aria-label=\"Leia mais sobre Zera Shimshon on Megillas Esther\">Ler mais<\/a><\/p>","protected":false},"featured_media":5216,"comment_status":"open","ping_status":"closed","template":"","meta":[],"product_brand":[],"product_cat":[19],"product_tag":[],"class_list":{"0":"post-5215","1":"product","2":"type-product","3":"status-publish","4":"has-post-thumbnail","6":"product_cat-uncategorized","8":"first","9":"instock","10":"sale","11":"shipping-taxable","12":"purchasable","13":"product-type-simple"},"_links":{"self":[{"href":"https:\/\/www.zerashimshon.co.il\/pt\/wp-json\/wp\/v2\/product\/5215","targetHints":{"allow":["GET"]}}],"collection":[{"href":"https:\/\/www.zerashimshon.co.il\/pt\/wp-json\/wp\/v2\/product"}],"about":[{"href":"https:\/\/www.zerashimshon.co.il\/pt\/wp-json\/wp\/v2\/types\/product"}],"replies":[{"embeddable":true,"href":"https:\/\/www.zerashimshon.co.il\/pt\/wp-json\/wp\/v2\/comments?post=5215"}],"version-history":[{"count":0,"href":"https:\/\/www.zerashimshon.co.il\/pt\/wp-json\/wp\/v2\/product\/5215\/revisions"}],"wp:featuredmedia":[{"embeddable":true,"href":"https:\/\/www.zerashimshon.co.il\/pt\/wp-json\/wp\/v2\/media\/5216"}],"wp:attachment":[{"href":"https:\/\/www.zerashimshon.co.il\/pt\/wp-json\/wp\/v2\/media?parent=5215"}],"wp:term":[{"taxonomy":"product_brand","embeddable":true,"href":"https:\/\/www.zerashimshon.co.il\/pt\/wp-json\/wp\/v2\/product_brand?post=5215"},{"taxonomy":"product_cat","embeddable":true,"href":"https:\/\/www.zerashimshon.co.il\/pt\/wp-json\/wp\/v2\/product_cat?post=5215"},{"taxonomy":"product_tag","embeddable":true,"href":"https:\/\/www.zerashimshon.co.il\/pt\/wp-json\/wp\/v2\/product_tag?post=5215"}],"curies":[{"name":"wp","href":"https:\/\/api.w.org\/{rel}","templated":true}]}}