{"id":7302,"date":"2024-05-13T13:34:27","date_gmt":"2024-05-13T13:34:27","guid":{"rendered":"https:\/\/www.zerashimshon.co.il\/?post_type=product&#038;p=7302"},"modified":"2024-05-13T13:44:52","modified_gmt":"2024-05-13T13:44:52","slug":"sefer-zera-shimshon-bamidbar-haas-family-edition-hardcover","status":"publish","type":"product","link":"https:\/\/www.zerashimshon.co.il\/pt\/produto\/sefer-zera-shimshon-bamidbar-haas-family-edition-hardcover\/","title":{"rendered":"Sefer Zera Shimshon \u2013 Bamidbar \u2013 Edi\u00e7\u00e3o Fam\u00edlia Haas (Capa Dura)"},"content":{"rendered":"<h5 id=\"subTitle\">O Coment\u00e1rio Cl\u00e1ssico da Tor\u00e1 do Rabino Cabalista do S\u00e9culo XVIII, Shimshon Chaim Nachmani<\/h5>\n<p>Sefer Bambidbar, um novo livro pode ser adquirido em lojas. Para mais informa\u00e7\u00f5es, ligue para 347-496-5657 ou, em Israel, para 05271-66450 zerashimshon.co.il<\/p>\n<p>O sefer cuja segulah cativou Klal Yisrael:<\/p>\n<p>O Coment\u00e1rio de Zera Shimshon sobre Chumash, traduzido e elucidado<\/p>\n<p>O Zera Shimshon em Chumash inclui:<\/p>\n<p>O texto completo do coment\u00e1rio de Zera Shimshon sobre Chumash, totalmente vogalizado (menukad)<br \/>\nUma tradu\u00e7\u00e3o elucidada projetada para ajudar o leitor a acompanhar as ideias muitas vezes complexas de Zera Shimshon.<br \/>\nUma introdu\u00e7\u00e3o para cada derush, com explica\u00e7\u00f5es para melhorar nossa compreens\u00e3o do coment\u00e1rio de Zera Shimshon.<br \/>\nNotas explicativas que oferecem material de apoio mais importante.<\/p>\n<p>Rav Shimshon Chaim Nachmani, um renomado rav e talmid chacham italiano do s\u00e9culo XVIII, \u00e9 o autor do coment\u00e1rio de Zera Shimshon. Em sua famosa introdu\u00e7\u00e3o, ele fala sobre a perda de seu \u00fanico filho e promete grandes b\u00ean\u00e7\u00e3os \u00e0queles que aprenderem seu coment\u00e1rio. Pessoas em todo o mundo t\u00eam atestado o poder da &quot;segulah&quot; de Zera Shimshon.<\/p>\n<p>\u201c\u2026a pessoa que aprende o coment\u00e1rio sentar-se-\u00e1 \u00e0 sua mesa cercada por seus filhos e familiares; belas b\u00ean\u00e7\u00e3os, todas dadas de todo o cora\u00e7\u00e3o \u00e0 pessoa que estuda esta obra. Uma casa repleta de tudo de bom\u2026 As b\u00ean\u00e7\u00e3os come\u00e7ar\u00e3o neste mundo e continuar\u00e3o no mundo vindouro\u2026\u201d da Introdu\u00e7\u00e3o do autor a Zera Shimshon<\/p>","protected":false},"excerpt":{"rendered":"<p>The Classic Torah Commentary of the 18th Century Kabbalist Rabbi Shimshon Chaim Nachmani Sefer Bambidbar, a new book can be obtained in stores. For details 347-496-5657 or in Israel 05271-66450 zerashimshon.co.il The sefer whose segulah captivated Klal Yisrael: The Zera Shimshon\u2019s Commentary on Chumash, translated and elucidated The Zera Shimshon on Chumash includes: The full &#8230; <a title=\"Sefer Zera Shimshon \u2013 Bamidbar \u2013 Edi\u00e7\u00e3o Fam\u00edlia Haas (Capa Dura)\" class=\"read-more\" href=\"https:\/\/www.zerashimshon.co.il\/pt\/produto\/sefer-zera-shimshon-bamidbar-haas-family-edition-hardcover\/\" aria-label=\"Leia mais sobre Sefer Zera Shimshon &#8211; Bamidbar &#8211; Haas Family Edition (Hardcover)\">Ler mais<\/a><\/p>","protected":false},"featured_media":7303,"comment_status":"open","ping_status":"closed","template":"","meta":[],"product_brand":[],"product_cat":[19],"product_tag":[591,592,590,569],"class_list":{"0":"post-7302","1":"product","2":"type-product","3":"status-publish","4":"has-post-thumbnail","6":"product_cat-uncategorized","7":"product_tag-sefer-bambidbar","8":"product_tag-the-sefer","9":"product_tag-translated-elucidated","10":"product_tag-zera-shimshon","12":"first","13":"instock","14":"sale","15":"shipping-taxable","16":"purchasable","17":"product-type-simple"},"_links":{"self":[{"href":"https:\/\/www.zerashimshon.co.il\/pt\/wp-json\/wp\/v2\/product\/7302","targetHints":{"allow":["GET"]}}],"collection":[{"href":"https:\/\/www.zerashimshon.co.il\/pt\/wp-json\/wp\/v2\/product"}],"about":[{"href":"https:\/\/www.zerashimshon.co.il\/pt\/wp-json\/wp\/v2\/types\/product"}],"replies":[{"embeddable":true,"href":"https:\/\/www.zerashimshon.co.il\/pt\/wp-json\/wp\/v2\/comments?post=7302"}],"version-history":[{"count":1,"href":"https:\/\/www.zerashimshon.co.il\/pt\/wp-json\/wp\/v2\/product\/7302\/revisions"}],"predecessor-version":[{"id":7304,"href":"https:\/\/www.zerashimshon.co.il\/pt\/wp-json\/wp\/v2\/product\/7302\/revisions\/7304"}],"wp:featuredmedia":[{"embeddable":true,"href":"https:\/\/www.zerashimshon.co.il\/pt\/wp-json\/wp\/v2\/media\/7303"}],"wp:attachment":[{"href":"https:\/\/www.zerashimshon.co.il\/pt\/wp-json\/wp\/v2\/media?parent=7302"}],"wp:term":[{"taxonomy":"product_brand","embeddable":true,"href":"https:\/\/www.zerashimshon.co.il\/pt\/wp-json\/wp\/v2\/product_brand?post=7302"},{"taxonomy":"product_cat","embeddable":true,"href":"https:\/\/www.zerashimshon.co.il\/pt\/wp-json\/wp\/v2\/product_cat?post=7302"},{"taxonomy":"product_tag","embeddable":true,"href":"https:\/\/www.zerashimshon.co.il\/pt\/wp-json\/wp\/v2\/product_tag?post=7302"}],"curies":[{"name":"wp","href":"https:\/\/api.w.org\/{rel}","templated":true}]}}