{"id":7765,"date":"2024-06-30T09:16:09","date_gmt":"2024-06-30T09:16:09","guid":{"rendered":"https:\/\/www.zerashimshon.co.il\/?post_type=product&#038;p=7765"},"modified":"2024-08-06T09:20:00","modified_gmt":"2024-08-06T09:20:00","slug":"zera-shimshon-on-tehillim-the-sefer-the-stories-the-segulah","status":"publish","type":"product","link":"https:\/\/www.zerashimshon.co.il\/pt\/produto\/zera-shimshon-on-tehillim-the-sefer-the-stories-the-segulah\/","title":{"rendered":"Zera Shimshon sobre Tehilim: O Sefer. As Hist\u00f3rias. A Segulah"},"content":{"rendered":"<div class=\"elementor-element elementor-element-1455233 elementor-widget__width-auto elementor-widget elementor-widget-heading\" data-id=\"1455233\" data-element_type=\"widget\" data-widget_type=\"heading.default\">\n<div class=\"elementor-widget-container\">\n<p class=\"elementor-heading-title elementor-size-default\"><a href=\"https:\/\/artscrollisrael.co.il\/en\/authors\/rabbi-nachman-seltzer-en\/\">Nome do autor:\u00a0<\/a><a style=\"font-size: 16px; background-color: #ffffff;\" href=\"https:\/\/artscrollisrael.co.il\/en\/authors\/rabbi-nachman-seltzer-en\/\">Rabino Nachman Seltzer<\/a><\/p>\n<p>Dezenas de milhares de leitores enriqueceram suas vidas com a s\u00e9rie Zera Shimshon do Rabino Nachman Seltzer. O fen\u00f4meno Zera Shimshon continua com este novo volume extraordin\u00e1rio, &quot;Zera Shimshon sobre Tehilim&quot;.<\/p>\n<p>O Sefer Tehilim \u00e9 tradicionalmente dividido em 30 dias. Nesta obra extraordin\u00e1ria, o Rabino Seltzer seleciona cap\u00edtulos de cada dia e compartilha breves reflex\u00f5es sobre o Zera Shimshon, Rav Shimshon Chaim Nachmani, para cada dia do m\u00eas \u2013 al\u00e9m de hist\u00f3rias para nos inspirar e iluminar nossa compreens\u00e3o.<\/p>\n<p>\u2022 A segulah: Em sua introdu\u00e7\u00e3o, Rav Shimshon Chaim promete grandes b\u00ean\u00e7\u00e3os \u00e0queles que aprendem seu trabalho \u2013 e cada vez mais, temos visto essa promessa se tornar realidade!<\/p>\n<\/div>\n<\/div>","protected":false},"excerpt":{"rendered":"<p>Author name:\u00a0Rabbi Nachman Seltzer Tens of thousands of readers have enriched their lives with Rabbi Nachman Seltzer\u2019s Zera Shimshon series. The Zera Shimshon phenomenon continues with this extraordinary new volume, The Zera Shimshon on Tehillim. Sefer Tehillim has traditionally been divided into 30 days. In this extraordinary work, Rabbi Seltzer chooses selected chapters from each &#8230; <a title=\"Zera Shimshon sobre Tehilim: O Sefer. As Hist\u00f3rias. A Segulah\" class=\"read-more\" href=\"https:\/\/www.zerashimshon.co.il\/pt\/produto\/zera-shimshon-on-tehillim-the-sefer-the-stories-the-segulah\/\" aria-label=\"Leia mais sobre Zera Shimshon on Tehillim: The Sefer. The Stories. The Segulah\">Ler mais<\/a><\/p>","protected":false},"featured_media":7766,"comment_status":"open","ping_status":"closed","template":"","meta":[],"product_brand":[],"product_cat":[19],"product_tag":[588,597,571,596,592,572],"class_list":{"0":"post-7765","1":"product","2":"type-product","3":"status-publish","4":"has-post-thumbnail","6":"product_cat-uncategorized","7":"product_tag-format-hardcover","8":"product_tag-psalms","9":"product_tag-rabbi-nachman-seltzer","10":"product_tag-tehilim","11":"product_tag-the-sefer","12":"product_tag-the-segulah","14":"first","15":"instock","16":"sale","17":"shipping-taxable","18":"purchasable","19":"product-type-simple"},"_links":{"self":[{"href":"https:\/\/www.zerashimshon.co.il\/pt\/wp-json\/wp\/v2\/product\/7765","targetHints":{"allow":["GET"]}}],"collection":[{"href":"https:\/\/www.zerashimshon.co.il\/pt\/wp-json\/wp\/v2\/product"}],"about":[{"href":"https:\/\/www.zerashimshon.co.il\/pt\/wp-json\/wp\/v2\/types\/product"}],"replies":[{"embeddable":true,"href":"https:\/\/www.zerashimshon.co.il\/pt\/wp-json\/wp\/v2\/comments?post=7765"}],"version-history":[{"count":1,"href":"https:\/\/www.zerashimshon.co.il\/pt\/wp-json\/wp\/v2\/product\/7765\/revisions"}],"predecessor-version":[{"id":7767,"href":"https:\/\/www.zerashimshon.co.il\/pt\/wp-json\/wp\/v2\/product\/7765\/revisions\/7767"}],"wp:featuredmedia":[{"embeddable":true,"href":"https:\/\/www.zerashimshon.co.il\/pt\/wp-json\/wp\/v2\/media\/7766"}],"wp:attachment":[{"href":"https:\/\/www.zerashimshon.co.il\/pt\/wp-json\/wp\/v2\/media?parent=7765"}],"wp:term":[{"taxonomy":"product_brand","embeddable":true,"href":"https:\/\/www.zerashimshon.co.il\/pt\/wp-json\/wp\/v2\/product_brand?post=7765"},{"taxonomy":"product_cat","embeddable":true,"href":"https:\/\/www.zerashimshon.co.il\/pt\/wp-json\/wp\/v2\/product_cat?post=7765"},{"taxonomy":"product_tag","embeddable":true,"href":"https:\/\/www.zerashimshon.co.il\/pt\/wp-json\/wp\/v2\/product_tag?post=7765"}],"curies":[{"name":"wp","href":"https:\/\/api.w.org\/{rel}","templated":true}]}}