{"id":8326,"date":"2024-08-06T08:14:08","date_gmt":"2024-08-06T08:14:08","guid":{"rendered":"https:\/\/www.zerashimshon.co.il\/?post_type=product&#038;p=8326"},"modified":"2024-08-06T08:14:09","modified_gmt":"2024-08-06T08:14:09","slug":"sefer-zera-shimshon-devarim-haas-family","status":"publish","type":"product","link":"https:\/\/www.zerashimshon.co.il\/pt\/produto\/sefer-zera-shimshon-devarim-haas-family\/","title":{"rendered":"FAM\u00cdLIA SEFER ZERA SHIMSHON DEVARIM HAAS"},"content":{"rendered":"<p>Sefer Zera Shimshon &#8211; Devarim &#8211; Haas Family Edition (Hardcover)<br \/>\nO Coment\u00e1rio Cl\u00e1ssico da Tor\u00e1 do Rabino Cabalista do S\u00e9culo XVIII, Shimshon Chaim Nachmani<\/p>\n<p>&nbsp;<\/p>","protected":false},"excerpt":{"rendered":"<p>Sefer Zera Shimshon &#8211; Devarim &#8211; Haas Family Edition (Hardcover) The Classic Torah Commentary of the 18th Century Kabbalist Rabbi Shimshon Chaim Nachmani &nbsp;<\/p>","protected":false},"featured_media":8327,"comment_status":"open","ping_status":"closed","template":"","meta":[],"product_brand":[],"product_cat":[19],"product_tag":[570,595,594,592,569],"class_list":{"0":"post-8326","1":"product","2":"type-product","3":"status-publish","4":"has-post-thumbnail","6":"product_cat-uncategorized","7":"product_tag-artscroll","8":"product_tag-sefer-devarim","9":"product_tag-sefer-zera-shimshon-devarim","10":"product_tag-the-sefer","11":"product_tag-zera-shimshon","13":"first","14":"instock","15":"sale","16":"shipping-taxable","17":"purchasable","18":"product-type-simple"},"_links":{"self":[{"href":"https:\/\/www.zerashimshon.co.il\/pt\/wp-json\/wp\/v2\/product\/8326","targetHints":{"allow":["GET"]}}],"collection":[{"href":"https:\/\/www.zerashimshon.co.il\/pt\/wp-json\/wp\/v2\/product"}],"about":[{"href":"https:\/\/www.zerashimshon.co.il\/pt\/wp-json\/wp\/v2\/types\/product"}],"replies":[{"embeddable":true,"href":"https:\/\/www.zerashimshon.co.il\/pt\/wp-json\/wp\/v2\/comments?post=8326"}],"version-history":[{"count":2,"href":"https:\/\/www.zerashimshon.co.il\/pt\/wp-json\/wp\/v2\/product\/8326\/revisions"}],"predecessor-version":[{"id":8332,"href":"https:\/\/www.zerashimshon.co.il\/pt\/wp-json\/wp\/v2\/product\/8326\/revisions\/8332"}],"wp:featuredmedia":[{"embeddable":true,"href":"https:\/\/www.zerashimshon.co.il\/pt\/wp-json\/wp\/v2\/media\/8327"}],"wp:attachment":[{"href":"https:\/\/www.zerashimshon.co.il\/pt\/wp-json\/wp\/v2\/media?parent=8326"}],"wp:term":[{"taxonomy":"product_brand","embeddable":true,"href":"https:\/\/www.zerashimshon.co.il\/pt\/wp-json\/wp\/v2\/product_brand?post=8326"},{"taxonomy":"product_cat","embeddable":true,"href":"https:\/\/www.zerashimshon.co.il\/pt\/wp-json\/wp\/v2\/product_cat?post=8326"},{"taxonomy":"product_tag","embeddable":true,"href":"https:\/\/www.zerashimshon.co.il\/pt\/wp-json\/wp\/v2\/product_tag?post=8326"}],"curies":[{"name":"wp","href":"https:\/\/api.w.org\/{rel}","templated":true}]}}